{"id":5755,"date":"2026-03-20T17:12:02","date_gmt":"2026-03-20T17:12:02","guid":{"rendered":"https:\/\/hidalgohouse.pe\/?post_type=product&#038;p=5755"},"modified":"2026-03-26T21:24:21","modified_gmt":"2026-03-26T21:24:21","slug":"pack-promo-set-matcha-vidrio-deluxe","status":"publish","type":"product","link":"https:\/\/hidalgohouse.cl\/?product=pack-promo-set-matcha-vidrio-deluxe","title":{"rendered":"Pack Promo Set Matcha Vidrio Deluxe"},"content":{"rendered":"<p data-start=\"957\" data-end=\"1124\">Set de preparaci\u00f3n de matcha que combina utensilios tradicionales japoneses con un dise\u00f1o moderno en vidrio y accesorios adicionales para una experiencia m\u00e1s completa.<\/p>\n<p data-start=\"1126\" data-end=\"1258\">Permite realizar correctamente todo el proceso: tamizado, dosificaci\u00f3n, batido y servido, logrando una mezcla uniforme y sin grumos.<\/p>\n<p data-start=\"1260\" data-end=\"1457\">El <strong data-start=\"1263\" data-end=\"1273\">chawan<\/strong> de vidrio con vertedor permite preparar y servir el matcha c\u00f3modamente, el <strong data-start=\"1349\" data-end=\"1359\">chasen<\/strong> ayuda a generar la espuma caracter\u00edstica y el <strong data-start=\"1406\" data-end=\"1415\">furui<\/strong> permite tamizar el polvo antes de su uso.<\/p>\n<p data-start=\"1459\" data-end=\"1701\">Incluye adem\u00e1s un <strong data-start=\"1477\" data-end=\"1494\">chasen naoshi<\/strong> de vidrio para conservar la forma del batidor, un <strong data-start=\"1545\" data-end=\"1557\">chashaku<\/strong> para dosificar el matcha, un <strong data-start=\"1587\" data-end=\"1605\">vaso de vidrio<\/strong> para colocar el batidor y un <strong data-start=\"1635\" data-end=\"1651\">pa\u00f1o de tela<\/strong> que complementa la presentaci\u00f3n y el uso del set.<\/p>\n<p data-start=\"1703\" data-end=\"1783\">Disponible en dos opciones: solo el set o en <strong data-start=\"1748\" data-end=\"1782\">Pack Promo con matcha incluido<\/strong>.<\/p>\n<hr data-start=\"1785\" data-end=\"1788\" \/>\n<h2 data-section-id=\"72v0g9\" data-start=\"1790\" data-end=\"1806\">Qu\u00e9 incluye<\/h2>\n<h3 data-section-id=\"1o7ftan\" data-start=\"1808\" data-end=\"1822\">\u2714 Solo set<\/h3>\n<ul data-start=\"1823\" data-end=\"2218\">\n<li data-section-id=\"1iu18ga\" data-start=\"1823\" data-end=\"1898\">\n<p data-start=\"1825\" data-end=\"1898\"><strong data-start=\"1825\" data-end=\"1835\">Chawan<\/strong> (\u8336\u7897): bowl de vidrio con vertedor para preparaci\u00f3n y servido<\/p>\n<\/li>\n<li data-section-id=\"4gm1p6\" data-start=\"1899\" data-end=\"1959\">\n<p data-start=\"1901\" data-end=\"1959\"><strong data-start=\"1901\" data-end=\"1911\">Chasen<\/strong> (\u8336\u7b45): batidor de bamb\u00fa para mezclar y espumar<\/p>\n<\/li>\n<li data-section-id=\"1dils51\" data-start=\"1960\" data-end=\"2042\">\n<p data-start=\"1962\" data-end=\"2042\"><strong data-start=\"1962\" data-end=\"1979\">Chasen naoshi<\/strong> (\u8336\u7b45\u76f4\u3057): soporte de vidrio para mantener la forma del batidor<\/p>\n<\/li>\n<li data-section-id=\"1i3ju7h\" data-start=\"2043\" data-end=\"2094\">\n<p data-start=\"2045\" data-end=\"2094\"><strong data-start=\"2045\" data-end=\"2054\">Furui<\/strong> (\u3075\u308b\u3044): colador para tamizar el matcha<\/p>\n<\/li>\n<li data-section-id=\"z6yqfl\" data-start=\"2095\" data-end=\"2151\">\n<p data-start=\"2097\" data-end=\"2151\"><strong data-start=\"2097\" data-end=\"2109\">Chashaku<\/strong> (\u8336\u6753): cucharita de bamb\u00fa para dosificar<\/p>\n<\/li>\n<li data-section-id=\"15u53fl\" data-start=\"2152\" data-end=\"2190\">\n<p data-start=\"2154\" data-end=\"2190\"><strong data-start=\"2154\" data-end=\"2172\">Vaso de vidrio<\/strong> para el batidor<\/p>\n<\/li>\n<li data-section-id=\"1dyyszk\" data-start=\"2191\" data-end=\"2218\">\n<p data-start=\"2193\" data-end=\"2218\"><strong data-start=\"2193\" data-end=\"2216\">Pa\u00f1o \/ base de tela<\/strong><\/p>\n<\/li>\n<\/ul>\n<h3 data-section-id=\"199shui\" data-start=\"2220\" data-end=\"2251\">\ud83d\udd25 Pack Promo (recomendado)<\/h3>\n<ul data-start=\"2252\" data-end=\"2317\">\n<li data-section-id=\"hjgdcz\" data-start=\"2252\" data-end=\"2272\">\n<p data-start=\"2254\" data-end=\"2272\">Todo lo anterior<\/p>\n<\/li>\n<li data-section-id=\"1789teh\" data-start=\"2273\" data-end=\"2317\">\n<ul data-start=\"2275\" data-end=\"2317\">\n<li data-section-id=\"1l69o50\" data-start=\"2275\" data-end=\"2317\">\n<p data-start=\"2277\" data-end=\"2317\"><strong data-start=\"2277\" data-end=\"2317\">Mizu Matcha Premium Uji, Japan 100 g<\/strong><\/p>\n<\/li>\n<\/ul>\n<\/li>\n<\/ul>\n<hr data-start=\"2319\" data-end=\"2322\" \/>\n<h2 data-section-id=\"pmhfm8\" data-start=\"2324\" data-end=\"2339\">Beneficios<\/h2>\n<p data-start=\"2340\" data-end=\"2464\">\u2714 Preparaci\u00f3n f\u00e1cil y pr\u00e1ctica<br data-start=\"2370\" data-end=\"2373\" \/>\u2714 Set m\u00e1s completo en una sola compra<br data-start=\"2410\" data-end=\"2413\" \/>\u2714 Dise\u00f1o elegante en vidrio<br data-start=\"2440\" data-end=\"2443\" \/>\u2714 Ideal para regalo<\/p>\n<hr data-start=\"2466\" data-end=\"2469\" \/>\n<h2 data-section-id=\"xlos30\" data-start=\"2471\" data-end=\"2479\">Uso<\/h2>\n<p data-start=\"2480\" data-end=\"2722\">Tamizar el matcha con el <strong data-start=\"2505\" data-end=\"2514\">furui<\/strong> en el <strong data-start=\"2521\" data-end=\"2531\">chawan<\/strong>, agregar agua caliente (no hirviendo) y batir con el <strong data-start=\"2585\" data-end=\"2595\">chasen<\/strong> hasta obtener una mezcla uniforme y espumosa. El <strong data-start=\"2645\" data-end=\"2662\">chasen naoshi<\/strong> ayuda a conservar la forma del batidor despu\u00e9s de cada uso.<\/p>\n<p data-start=\"2744\" data-end=\"2819\"><strong data-start=\"2744\" data-end=\"2819\">Elige tu Pack Promo y disfruta tu ritual de matcha desde el primer d\u00eda.<\/strong><\/p>\n","protected":false},"excerpt":{"rendered":"<p data-start=\"622\" data-end=\"808\">Set completo para preparar matcha en casa con utensilios tradicionales japoneses, piezas de vidrio y accesorios adicionales. Disponible solo como set o en Pack Promo con matcha incluido.<\/p>\n","protected":false},"featured_media":5759,"comment_status":"open","ping_status":"closed","template":"","meta":{"_uag_custom_page_level_css":"","site-sidebar-layout":"default","site-content-layout":"","ast-site-content-layout":"default","site-content-style":"default","site-sidebar-style":"default","ast-global-header-display":"","ast-banner-title-visibility":"","ast-main-header-display":"","ast-hfb-above-header-display":"","ast-hfb-below-header-display":"","ast-hfb-mobile-header-display":"","site-post-title":"","ast-breadcrumbs-content":"","ast-featured-img":"","footer-sml-layout":"","ast-disable-related-posts":"","theme-transparent-header-meta":"default","adv-header-id-meta":"","stick-header-meta":"","header-above-stick-meta":"","header-main-stick-meta":"","header-below-stick-meta":"","astra-migrate-meta-layouts":"set","ast-page-background-enabled":"default","ast-page-background-meta":{"desktop":{"background-color":"","background-image":"","background-repeat":"repeat","background-position":"center center","background-size":"auto","background-attachment":"scroll","background-type":"","background-media":"","overlay-type":"","overlay-color":"","overlay-opacity":"","overlay-gradient":""},"tablet":{"background-color":"","background-image":"","background-repeat":"repeat","background-position":"center center","background-size":"auto","background-attachment":"scroll","background-type":"","background-media":"","overlay-type":"","overlay-color":"","overlay-opacity":"","overlay-gradient":""},"mobile":{"background-color":"","background-image":"","background-repeat":"repeat","background-position":"center center","background-size":"auto","background-attachment":"scroll","background-type":"","background-media":"","overlay-type":"","overlay-color":"","overlay-opacity":"","overlay-gradient":""}},"ast-content-background-meta":{"desktop":{"background-color":"var(--ast-global-color-5)","background-image":"","background-repeat":"repeat","background-position":"center center","background-size":"auto","background-attachment":"scroll","background-type":"","background-media":"","overlay-type":"","overlay-color":"","overlay-opacity":"","overlay-gradient":""},"tablet":{"background-color":"var(--ast-global-color-5)","background-image":"","background-repeat":"repeat","background-position":"center center","background-size":"auto","background-attachment":"scroll","background-type":"","background-media":"","overlay-type":"","overlay-color":"","overlay-opacity":"","overlay-gradient":""},"mobile":{"background-color":"var(--ast-global-color-5)","background-image":"","background-repeat":"repeat","background-position":"center center","background-size":"auto","background-attachment":"scroll","background-type":"","background-media":"","overlay-type":"","overlay-color":"","overlay-opacity":"","overlay-gradient":""}}},"product_brand":[45],"product_cat":[93],"product_tag":[97,98,95,46,101,47,99,102,100,103,94,96],"class_list":{"0":"post-5755","1":"product","2":"type-product","3":"status-publish","4":"has-post-thumbnail","6":"product_brand-mizu-matcha","7":"product_cat-sets","8":"product_tag-chasen","9":"product_tag-chawan","10":"product_tag-kit-matcha","11":"product_tag-matcha","12":"product_tag-matcha-chile","13":"product_tag-matcha-japones","14":"product_tag-pack-matcha","15":"product_tag-preparar-matcha","16":"product_tag-regalo-matcha","17":"product_tag-ritual-matcha","18":"product_tag-set-matcha","19":"product_tag-utensilios-matcha","20":"desktop-align-center","21":"tablet-align-center","22":"mobile-align-center","24":"first","25":"outofstock","26":"sale","27":"shipping-taxable","28":"purchasable","29":"product-type-variable"},"uagb_featured_image_src":{"full":["https:\/\/hidalgohouse.cl\/wp-content\/uploads\/2026\/03\/PACK-PROMO-VIDRIO-DELUXE.jpeg",853,1280,false],"thumbnail":["https:\/\/hidalgohouse.cl\/wp-content\/uploads\/2026\/03\/PACK-PROMO-VIDRIO-DELUXE-150x150.jpeg",150,150,true],"medium":["https:\/\/hidalgohouse.cl\/wp-content\/uploads\/2026\/03\/PACK-PROMO-VIDRIO-DELUXE-200x300.jpeg",200,300,true],"medium_large":["https:\/\/hidalgohouse.cl\/wp-content\/uploads\/2026\/03\/PACK-PROMO-VIDRIO-DELUXE-768x1152.jpeg",768,1152,true],"large":["https:\/\/hidalgohouse.cl\/wp-content\/uploads\/2026\/03\/PACK-PROMO-VIDRIO-DELUXE-682x1024.jpeg",682,1024,true],"1536x1536":["https:\/\/hidalgohouse.cl\/wp-content\/uploads\/2026\/03\/PACK-PROMO-VIDRIO-DELUXE.jpeg",853,1280,false],"2048x2048":["https:\/\/hidalgohouse.cl\/wp-content\/uploads\/2026\/03\/PACK-PROMO-VIDRIO-DELUXE.jpeg",853,1280,false],"woocommerce_thumbnail":["https:\/\/hidalgohouse.cl\/wp-content\/uploads\/2026\/03\/PACK-PROMO-VIDRIO-DELUXE-300x300.jpeg",300,300,true],"woocommerce_single":["https:\/\/hidalgohouse.cl\/wp-content\/uploads\/2026\/03\/PACK-PROMO-VIDRIO-DELUXE-600x900.jpeg",600,900,true],"woocommerce_gallery_thumbnail":["https:\/\/hidalgohouse.cl\/wp-content\/uploads\/2026\/03\/PACK-PROMO-VIDRIO-DELUXE-100x100.jpeg",100,100,true]},"uagb_author_info":{"display_name":"sales@flotrading.com","author_link":"https:\/\/hidalgohouse.cl\/?author=0"},"uagb_comment_info":0,"uagb_excerpt":"Set completo para preparar matcha en casa con utensilios tradicionales japoneses, piezas de vidrio y accesorios adicionales. Disponible solo como set o en Pack Promo con matcha incluido.","_links":{"self":[{"href":"https:\/\/hidalgohouse.cl\/index.php?rest_route=\/wp\/v2\/product\/5755","targetHints":{"allow":["GET"]}}],"collection":[{"href":"https:\/\/hidalgohouse.cl\/index.php?rest_route=\/wp\/v2\/product"}],"about":[{"href":"https:\/\/hidalgohouse.cl\/index.php?rest_route=\/wp\/v2\/types\/product"}],"replies":[{"embeddable":true,"href":"https:\/\/hidalgohouse.cl\/index.php?rest_route=%2Fwp%2Fv2%2Fcomments&post=5755"}],"wp:featuredmedia":[{"embeddable":true,"href":"https:\/\/hidalgohouse.cl\/index.php?rest_route=\/wp\/v2\/media\/5759"}],"wp:attachment":[{"href":"https:\/\/hidalgohouse.cl\/index.php?rest_route=%2Fwp%2Fv2%2Fmedia&parent=5755"}],"wp:term":[{"taxonomy":"product_brand","embeddable":true,"href":"https:\/\/hidalgohouse.cl\/index.php?rest_route=%2Fwp%2Fv2%2Fproduct_brand&post=5755"},{"taxonomy":"product_cat","embeddable":true,"href":"https:\/\/hidalgohouse.cl\/index.php?rest_route=%2Fwp%2Fv2%2Fproduct_cat&post=5755"},{"taxonomy":"product_tag","embeddable":true,"href":"https:\/\/hidalgohouse.cl\/index.php?rest_route=%2Fwp%2Fv2%2Fproduct_tag&post=5755"}],"curies":[{"name":"wp","href":"https:\/\/api.w.org\/{rel}","templated":true}]}}