{"id":5743,"date":"2026-03-20T15:37:24","date_gmt":"2026-03-20T15:37:24","guid":{"rendered":"https:\/\/hidalgohouse.pe\/?post_type=product&#038;p=5743"},"modified":"2026-03-26T19:39:04","modified_gmt":"2026-03-26T19:39:04","slug":"pack-promo-set-matcha-lila","status":"publish","type":"product","link":"https:\/\/hidalgohouse.cl\/?product=pack-promo-set-matcha-lila","title":{"rendered":"Pack Promo Set Matcha Lila"},"content":{"rendered":"<p data-start=\"625\" data-end=\"699\">Set de preparaci\u00f3n de matcha basado en utensilios tradicionales japoneses.<\/p>\n<p data-start=\"701\" data-end=\"819\">Permite realizar correctamente todo el proceso: tamizado, batido y servido, logrando una mezcla uniforme y sin grumos.<\/p>\n<p data-start=\"821\" data-end=\"1020\">El <strong data-start=\"824\" data-end=\"834\">chawan<\/strong> (bowl) permite preparar y servir el matcha, el <strong data-start=\"882\" data-end=\"892\">chasen<\/strong> (batidor de bamb\u00fa) ayuda a generar la espuma caracter\u00edstica, y el <strong data-start=\"959\" data-end=\"968\">furui<\/strong> (colador) permite tamizar el polvo antes de su uso.<\/p>\n<p data-start=\"1022\" data-end=\"1158\">El <strong data-start=\"1025\" data-end=\"1037\">chashaku<\/strong> se utiliza para dosificar el matcha, mientras que la palita de bamb\u00fa complementa la manipulaci\u00f3n durante la preparaci\u00f3n.<\/p>\n<p data-start=\"1160\" data-end=\"1240\">Disponible en dos opciones: solo el set o en <strong data-start=\"1205\" data-end=\"1239\">Pack Promo con matcha incluido<\/strong>.<\/p>\n<hr data-start=\"1242\" data-end=\"1245\" \/>\n<h2 data-section-id=\"72v0g9\" data-start=\"1247\" data-end=\"1263\">Qu\u00e9 incluye<\/h2>\n<h3 data-section-id=\"1o7ftan\" data-start=\"1265\" data-end=\"1279\">\u2714 Solo set<\/h3>\n<ul data-start=\"1280\" data-end=\"1554\">\n<li data-section-id=\"1oms1pr\" data-start=\"1280\" data-end=\"1332\">\n<p data-start=\"1282\" data-end=\"1332\"><strong data-start=\"1282\" data-end=\"1292\">Chawan<\/strong> (\u8336\u7897): bowl para preparaci\u00f3n y servido<\/p>\n<\/li>\n<li data-section-id=\"4gm1p6\" data-start=\"1333\" data-end=\"1393\">\n<p data-start=\"1335\" data-end=\"1393\"><strong data-start=\"1335\" data-end=\"1345\">Chasen<\/strong> (\u8336\u7b45): batidor de bamb\u00fa para mezclar y espumar<\/p>\n<\/li>\n<li data-section-id=\"1i3ju7h\" data-start=\"1394\" data-end=\"1445\">\n<p data-start=\"1396\" data-end=\"1445\"><strong data-start=\"1396\" data-end=\"1405\">Furui<\/strong> (\u3075\u308b\u3044): colador para tamizar el matcha<\/p>\n<\/li>\n<li data-section-id=\"z6yqfl\" data-start=\"1446\" data-end=\"1502\">\n<p data-start=\"1448\" data-end=\"1502\"><strong data-start=\"1448\" data-end=\"1460\">Chashaku<\/strong> (\u8336\u6753): cucharita de bamb\u00fa para dosificar<\/p>\n<\/li>\n<li data-section-id=\"16mj65d\" data-start=\"1503\" data-end=\"1554\">\n<p data-start=\"1505\" data-end=\"1554\"><strong data-start=\"1505\" data-end=\"1524\">Palita de bamb\u00fa<\/strong> para manipulaci\u00f3n y servido<\/p>\n<\/li>\n<\/ul>\n<hr data-start=\"1556\" data-end=\"1559\" \/>\n<h3 data-section-id=\"199shui\" data-start=\"1561\" data-end=\"1592\">\ud83d\udd25 Pack Promo (recomendado)<\/h3>\n<ul data-start=\"1593\" data-end=\"1658\">\n<li data-section-id=\"hjgdcz\" data-start=\"1593\" data-end=\"1613\">\n<p data-start=\"1595\" data-end=\"1613\">Todo lo anterior<\/p>\n<\/li>\n<li data-section-id=\"1789teh\" data-start=\"1614\" data-end=\"1658\">\n<ul data-start=\"1616\" data-end=\"1658\">\n<li data-section-id=\"1l69o50\" data-start=\"1616\" data-end=\"1658\">\n<p data-start=\"1618\" data-end=\"1658\"><strong data-start=\"1618\" data-end=\"1658\">Mizu Matcha Premium Uji, Japan 100 g<\/strong><\/p>\n<\/li>\n<\/ul>\n<\/li>\n<\/ul>\n<hr data-start=\"1660\" data-end=\"1663\" \/>\n<h2 data-section-id=\"pmhfm8\" data-start=\"1665\" data-end=\"1680\">Beneficios<\/h2>\n<p data-start=\"1681\" data-end=\"1811\">\u2714 Preparaci\u00f3n f\u00e1cil y pr\u00e1ctica<br data-start=\"1711\" data-end=\"1714\" \/>\u2714 Ideal para empezar en el matcha<br data-start=\"1747\" data-end=\"1750\" \/>\u2714 Pack completo en una sola compra<br data-start=\"1784\" data-end=\"1787\" \/>\u2714 Perfecto para regalo<\/p>\n<hr data-start=\"1813\" data-end=\"1816\" \/>\n<h2 data-section-id=\"xlos30\" data-start=\"1818\" data-end=\"1826\">Uso<\/h2>\n<p data-start=\"1827\" data-end=\"1988\">Tamizar el matcha con el <strong data-start=\"1852\" data-end=\"1861\">furui<\/strong> en el <strong data-start=\"1868\" data-end=\"1878\">chawan<\/strong>, agregar agua caliente (no hirviendo) y batir con el <strong data-start=\"1932\" data-end=\"1942\">chasen<\/strong> hasta obtener una mezcla uniforme y espumosa.<\/p>\n<h2 data-section-id=\"eal4rj\" data-start=\"1995\" data-end=\"2009\"><\/h2>\n<p data-start=\"2010\" data-end=\"2068\"><strong data-start=\"2010\" data-end=\"2068\">Elige tu Pack Promo y empieza hoy tu ritual de matcha.<\/strong><\/p>\n","protected":false},"excerpt":{"rendered":"<p>Set para preparar matcha en casa con utensilios tradicionales japoneses. Disponible solo como set o en Pack Promo con matcha incluido.<\/p>\n","protected":false},"featured_media":5744,"comment_status":"open","ping_status":"closed","template":"","meta":{"_uag_custom_page_level_css":"","site-sidebar-layout":"default","site-content-layout":"","ast-site-content-layout":"default","site-content-style":"default","site-sidebar-style":"default","ast-global-header-display":"","ast-banner-title-visibility":"","ast-main-header-display":"","ast-hfb-above-header-display":"","ast-hfb-below-header-display":"","ast-hfb-mobile-header-display":"","site-post-title":"","ast-breadcrumbs-content":"","ast-featured-img":"","footer-sml-layout":"","ast-disable-related-posts":"","theme-transparent-header-meta":"default","adv-header-id-meta":"","stick-header-meta":"","header-above-stick-meta":"","header-main-stick-meta":"","header-below-stick-meta":"","astra-migrate-meta-layouts":"set","ast-page-background-enabled":"default","ast-page-background-meta":{"desktop":{"background-color":"","background-image":"","background-repeat":"repeat","background-position":"center center","background-size":"auto","background-attachment":"scroll","background-type":"","background-media":"","overlay-type":"","overlay-color":"","overlay-opacity":"","overlay-gradient":""},"tablet":{"background-color":"","background-image":"","background-repeat":"repeat","background-position":"center center","background-size":"auto","background-attachment":"scroll","background-type":"","background-media":"","overlay-type":"","overlay-color":"","overlay-opacity":"","overlay-gradient":""},"mobile":{"background-color":"","background-image":"","background-repeat":"repeat","background-position":"center center","background-size":"auto","background-attachment":"scroll","background-type":"","background-media":"","overlay-type":"","overlay-color":"","overlay-opacity":"","overlay-gradient":""}},"ast-content-background-meta":{"desktop":{"background-color":"var(--ast-global-color-5)","background-image":"","background-repeat":"repeat","background-position":"center center","background-size":"auto","background-attachment":"scroll","background-type":"","background-media":"","overlay-type":"","overlay-color":"","overlay-opacity":"","overlay-gradient":""},"tablet":{"background-color":"var(--ast-global-color-5)","background-image":"","background-repeat":"repeat","background-position":"center center","background-size":"auto","background-attachment":"scroll","background-type":"","background-media":"","overlay-type":"","overlay-color":"","overlay-opacity":"","overlay-gradient":""},"mobile":{"background-color":"var(--ast-global-color-5)","background-image":"","background-repeat":"repeat","background-position":"center center","background-size":"auto","background-attachment":"scroll","background-type":"","background-media":"","overlay-type":"","overlay-color":"","overlay-opacity":"","overlay-gradient":""}}},"product_brand":[45],"product_cat":[93],"product_tag":[97,98,95,46,101,47,99,102,100,103,94,96],"class_list":{"0":"post-5743","1":"product","2":"type-product","3":"status-publish","4":"has-post-thumbnail","6":"product_brand-mizu-matcha","7":"product_cat-sets","8":"product_tag-chasen","9":"product_tag-chawan","10":"product_tag-kit-matcha","11":"product_tag-matcha","12":"product_tag-matcha-chile","13":"product_tag-matcha-japones","14":"product_tag-pack-matcha","15":"product_tag-preparar-matcha","16":"product_tag-regalo-matcha","17":"product_tag-ritual-matcha","18":"product_tag-set-matcha","19":"product_tag-utensilios-matcha","20":"desktop-align-center","21":"tablet-align-center","22":"mobile-align-center","24":"first","25":"outofstock","26":"sale","27":"shipping-taxable","28":"purchasable","29":"product-type-variable"},"uagb_featured_image_src":{"full":["https:\/\/hidalgohouse.cl\/wp-content\/uploads\/2026\/03\/PROMO-SET-LILA.jpeg",853,1280,false],"thumbnail":["https:\/\/hidalgohouse.cl\/wp-content\/uploads\/2026\/03\/PROMO-SET-LILA-150x150.jpeg",150,150,true],"medium":["https:\/\/hidalgohouse.cl\/wp-content\/uploads\/2026\/03\/PROMO-SET-LILA-200x300.jpeg",200,300,true],"medium_large":["https:\/\/hidalgohouse.cl\/wp-content\/uploads\/2026\/03\/PROMO-SET-LILA-768x1152.jpeg",768,1152,true],"large":["https:\/\/hidalgohouse.cl\/wp-content\/uploads\/2026\/03\/PROMO-SET-LILA-682x1024.jpeg",682,1024,true],"1536x1536":["https:\/\/hidalgohouse.cl\/wp-content\/uploads\/2026\/03\/PROMO-SET-LILA.jpeg",853,1280,false],"2048x2048":["https:\/\/hidalgohouse.cl\/wp-content\/uploads\/2026\/03\/PROMO-SET-LILA.jpeg",853,1280,false],"woocommerce_thumbnail":["https:\/\/hidalgohouse.cl\/wp-content\/uploads\/2026\/03\/PROMO-SET-LILA-300x300.jpeg",300,300,true],"woocommerce_single":["https:\/\/hidalgohouse.cl\/wp-content\/uploads\/2026\/03\/PROMO-SET-LILA-600x900.jpeg",600,900,true],"woocommerce_gallery_thumbnail":["https:\/\/hidalgohouse.cl\/wp-content\/uploads\/2026\/03\/PROMO-SET-LILA-100x100.jpeg",100,100,true]},"uagb_author_info":{"display_name":"sales@flotrading.com","author_link":"https:\/\/hidalgohouse.cl\/?author=0"},"uagb_comment_info":0,"uagb_excerpt":"Set para preparar matcha en casa con utensilios tradicionales japoneses. Disponible solo como set o en Pack Promo con matcha incluido.","_links":{"self":[{"href":"https:\/\/hidalgohouse.cl\/index.php?rest_route=\/wp\/v2\/product\/5743","targetHints":{"allow":["GET"]}}],"collection":[{"href":"https:\/\/hidalgohouse.cl\/index.php?rest_route=\/wp\/v2\/product"}],"about":[{"href":"https:\/\/hidalgohouse.cl\/index.php?rest_route=\/wp\/v2\/types\/product"}],"replies":[{"embeddable":true,"href":"https:\/\/hidalgohouse.cl\/index.php?rest_route=%2Fwp%2Fv2%2Fcomments&post=5743"}],"wp:featuredmedia":[{"embeddable":true,"href":"https:\/\/hidalgohouse.cl\/index.php?rest_route=\/wp\/v2\/media\/5744"}],"wp:attachment":[{"href":"https:\/\/hidalgohouse.cl\/index.php?rest_route=%2Fwp%2Fv2%2Fmedia&parent=5743"}],"wp:term":[{"taxonomy":"product_brand","embeddable":true,"href":"https:\/\/hidalgohouse.cl\/index.php?rest_route=%2Fwp%2Fv2%2Fproduct_brand&post=5743"},{"taxonomy":"product_cat","embeddable":true,"href":"https:\/\/hidalgohouse.cl\/index.php?rest_route=%2Fwp%2Fv2%2Fproduct_cat&post=5743"},{"taxonomy":"product_tag","embeddable":true,"href":"https:\/\/hidalgohouse.cl\/index.php?rest_route=%2Fwp%2Fv2%2Fproduct_tag&post=5743"}],"curies":[{"name":"wp","href":"https:\/\/api.w.org\/{rel}","templated":true}]}}